{"id":5707,"date":"2015-02-19T09:48:19","date_gmt":"2015-02-19T09:48:19","guid":{"rendered":"http:\/\/demo2.wpresidence.net\/?page_id=5707"},"modified":"2024-12-13T13:44:30","modified_gmt":"2024-12-13T09:44:30","slug":"contact-us","status":"publish","type":"page","link":"https:\/\/almardinli.com\/tr\/contact-us\/","title":{"rendered":"\u0130LET\u0130\u015e\u0130M"},"content":{"rendered":"\t\t<div data-elementor-type=\"wp-page\" data-elementor-id=\"5707\" class=\"elementor elementor-5707\">\n\t\t\t\t<div class=\"elementor-element elementor-element-16ccc324 e-flex e-con-boxed e-con e-parent\" data-id=\"16ccc324\" data-element_type=\"container\">\n\t\t\t\t\t<div class=\"e-con-inner\">\n\t\t\t\t<div class=\"elementor-element elementor-element-77a87ac2 elementor-widget elementor-widget-text-editor\" data-id=\"77a87ac2\" data-element_type=\"widget\" data-widget_type=\"text-editor.default\">\n\t\t\t\t<div class=\"elementor-widget-container\">\n\t\t\t<style>\/*! elementor - v3.21.0 - 08-05-2024 *\/\n.elementor-widget-text-editor.elementor-drop-cap-view-stacked .elementor-drop-cap{background-color:#69727d;color:#fff}.elementor-widget-text-editor.elementor-drop-cap-view-framed .elementor-drop-cap{color:#69727d;border:3px solid;background-color:transparent}.elementor-widget-text-editor:not(.elementor-drop-cap-view-default) .elementor-drop-cap{margin-top:8px}.elementor-widget-text-editor:not(.elementor-drop-cap-view-default) .elementor-drop-cap-letter{width:1em;height:1em}.elementor-widget-text-editor .elementor-drop-cap{float:left;text-align:center;line-height:1;font-size:50px}.elementor-widget-text-editor .elementor-drop-cap-letter{display:inline-block}<\/style>\t\t\t\t<p>Almardinli Emlak&#8217;a G\u00f6sterdi\u011finiz \u0130lgi \u0130\u00e7in Te\u015fekk\u00fcr Ederiz.<br \/>BAE ve Dubai gayrimenkul piyasas\u0131nda size rehberlik etmek i\u00e7in \u00fcst\u00fcn hizmet ve uzmanl\u0131k sunmaya kararl\u0131y\u0131z.<\/p><p>Herhangi bir sorunuz i\u00e7in l\u00fctfen a\u015fa\u011f\u0131daki ileti\u015fim formunu doldurun, temsilcilerimizden biri en k\u0131sa s\u00fcrede sizinle ileti\u015fime ge\u00e7ecektir. T\u00fcm gayrimenkul ihtiya\u00e7lar\u0131n\u0131zda size yard\u0131mc\u0131 olmaktan memnuniyet duyar\u0131z.<\/p>\t\t\t\t\t\t<\/div>\n\t\t\t\t<\/div>\n\t\t\t\t\t<\/div>\n\t\t\t\t<\/div>\n\t\t\t\t<\/div>\n\t\t","protected":false},"excerpt":{"rendered":"<p>Almardinli Emlak&#8217;a G\u00f6sterdi\u011finiz \u0130lgi \u0130\u00e7in Te\u015fekk\u00fcr Ederiz.BAE ve Dubai gayrimenkul piyasas\u0131nda size rehberlik etmek i\u00e7in \u00fcst\u00fcn hizmet ve uzmanl\u0131k sunmaya kararl\u0131y\u0131z. Herhangi bir sorunuz i\u00e7in l\u00fctfen a\u015fa\u011f\u0131daki ileti\u015fim formunu doldurun, temsilcilerimizden biri en k\u0131sa s\u00fcrede sizinle ileti\u015fime ge\u00e7ecektir. T\u00fcm gayrimenkul ihtiya\u00e7lar\u0131n\u0131zda size yard\u0131mc\u0131 olmaktan memnuniyet duyar\u0131z.<\/p>\n","protected":false},"author":1,"featured_media":0,"parent":0,"menu_order":0,"comment_status":"open","ping_status":"open","template":"contact_page.php","meta":{"inline_featured_image":false,"_monsterinsights_skip_tracking":false,"_monsterinsights_sitenote_active":false,"_monsterinsights_sitenote_note":"","_monsterinsights_sitenote_category":0,"_uf_show_specific_survey":0,"_uf_disable_surveys":false,"footnotes":""},"class_list":["post-5707","page","type-page","status-publish","hentry"],"yoast_head":"<!-- This site is optimized with the Yoast SEO plugin v23.2 - https:\/\/yoast.com\/wordpress\/plugins\/seo\/ -->\n<title>\u0130LET\u0130\u015e\u0130M - Almardinli Emlak<\/title>\n<meta name=\"robots\" content=\"index, follow, max-snippet:-1, max-image-preview:large, max-video-preview:-1\" \/>\n<link rel=\"canonical\" href=\"https:\/\/almardinli.com\/tr\/contact-us\/\" \/>\n<meta property=\"og:locale\" content=\"tr_TR\" \/>\n<meta property=\"og:type\" content=\"article\" \/>\n<meta property=\"og:title\" content=\"\u0130LET\u0130\u015e\u0130M - Almardinli Emlak\" \/>\n<meta property=\"og:description\" content=\"Almardinli Emlak&#8217;a G\u00f6sterdi\u011finiz \u0130lgi \u0130\u00e7in Te\u015fekk\u00fcr Ederiz.BAE ve Dubai gayrimenkul piyasas\u0131nda size rehberlik etmek i\u00e7in \u00fcst\u00fcn hizmet ve uzmanl\u0131k sunmaya kararl\u0131y\u0131z. Herhangi bir sorunuz i\u00e7in l\u00fctfen a\u015fa\u011f\u0131daki ileti\u015fim formunu doldurun, temsilcilerimizden biri en k\u0131sa s\u00fcrede sizinle ileti\u015fime ge\u00e7ecektir. T\u00fcm gayrimenkul ihtiya\u00e7lar\u0131n\u0131zda size yard\u0131mc\u0131 olmaktan memnuniyet duyar\u0131z.\" \/>\n<meta property=\"og:url\" content=\"https:\/\/almardinli.com\/tr\/contact-us\/\" \/>\n<meta property=\"og:site_name\" content=\"Almardinli Emlak\" \/>\n<meta property=\"article:publisher\" content=\"https:\/\/www.facebook.com\/people\/Al-Mardinli\/61562288921634\/\" \/>\n<meta property=\"article:modified_time\" content=\"2024-12-13T09:44:30+00:00\" \/>\n<meta property=\"og:image\" content=\"https:\/\/almardinli.com\/tr\/wp-content\/uploads\/2024\/08\/1thth4LEnMKzaTPl-1716466993.webp\" \/>\n\t<meta property=\"og:image:width\" content=\"1200\" \/>\n\t<meta property=\"og:image:height\" content=\"759\" \/>\n\t<meta property=\"og:image:type\" content=\"image\/webp\" \/>\n<meta name=\"twitter:card\" content=\"summary_large_image\" \/>\n<meta name=\"twitter:label1\" content=\"Tahmini okuma s\u00fcresi\" \/>\n\t<meta name=\"twitter:data1\" content=\"1 dakika\" \/>\n<script type=\"application\/ld+json\" class=\"yoast-schema-graph\">{\"@context\":\"https:\/\/schema.org\",\"@graph\":[{\"@type\":\"WebPage\",\"@id\":\"https:\/\/almardinli.com\/tr\/contact-us\/\",\"url\":\"https:\/\/almardinli.com\/tr\/contact-us\/\",\"name\":\"\u0130LET\u0130\u015e\u0130M - Almardinli Emlak\",\"isPartOf\":{\"@id\":\"https:\/\/almardinli.com\/tr\/#website\"},\"datePublished\":\"2015-02-19T09:48:19+00:00\",\"dateModified\":\"2024-12-13T09:44:30+00:00\",\"breadcrumb\":{\"@id\":\"https:\/\/almardinli.com\/tr\/contact-us\/#breadcrumb\"},\"inLanguage\":\"tr\",\"potentialAction\":[{\"@type\":\"ReadAction\",\"target\":[\"https:\/\/almardinli.com\/tr\/contact-us\/\"]}]},{\"@type\":\"BreadcrumbList\",\"@id\":\"https:\/\/almardinli.com\/tr\/contact-us\/#breadcrumb\",\"itemListElement\":[{\"@type\":\"ListItem\",\"position\":1,\"name\":\"Home\",\"item\":\"https:\/\/almardinli.com\/tr\/\"},{\"@type\":\"ListItem\",\"position\":2,\"name\":\"\u0130LET\u0130\u015e\u0130M\"}]},{\"@type\":\"WebSite\",\"@id\":\"https:\/\/almardinli.com\/tr\/#website\",\"url\":\"https:\/\/almardinli.com\/tr\/\",\"name\":\"Almardinli Real Estate\",\"description\":\"BAE ve Dubai Gayrimenkul\u00fcnde M\u00fckemmellik\",\"publisher\":{\"@id\":\"https:\/\/almardinli.com\/tr\/#organization\"},\"potentialAction\":[{\"@type\":\"SearchAction\",\"target\":{\"@type\":\"EntryPoint\",\"urlTemplate\":\"https:\/\/almardinli.com\/tr\/?s={search_term_string}\"},\"query-input\":\"required name=search_term_string\"}],\"inLanguage\":\"tr\"},{\"@type\":\"Organization\",\"@id\":\"https:\/\/almardinli.com\/tr\/#organization\",\"name\":\"Almardinli Real Estate\",\"url\":\"https:\/\/almardinli.com\/tr\/\",\"logo\":{\"@type\":\"ImageObject\",\"inLanguage\":\"tr\",\"@id\":\"https:\/\/almardinli.com\/tr\/#\/schema\/logo\/image\/\",\"url\":\"https:\/\/almardinli.com\/tr\/wp-content\/uploads\/2024\/07\/Mardinli-LOGO-04.png\",\"contentUrl\":\"https:\/\/almardinli.com\/tr\/wp-content\/uploads\/2024\/07\/Mardinli-LOGO-04.png\",\"width\":182,\"height\":186,\"caption\":\"Almardinli Real Estate\"},\"image\":{\"@id\":\"https:\/\/almardinli.com\/tr\/#\/schema\/logo\/image\/\"},\"sameAs\":[\"https:\/\/www.facebook.com\/people\/Al-Mardinli\/61562288921634\/\",\"https:\/\/www.instagram.com\/al.mardinli\/\"]}]}<\/script>\n<!-- \/ Yoast SEO plugin. -->","yoast_head_json":{"title":"\u0130LET\u0130\u015e\u0130M - Almardinli Emlak","robots":{"index":"index","follow":"follow","max-snippet":"max-snippet:-1","max-image-preview":"max-image-preview:large","max-video-preview":"max-video-preview:-1"},"canonical":"https:\/\/almardinli.com\/tr\/contact-us\/","og_locale":"tr_TR","og_type":"article","og_title":"\u0130LET\u0130\u015e\u0130M - Almardinli Emlak","og_description":"Almardinli Emlak&#8217;a G\u00f6sterdi\u011finiz \u0130lgi \u0130\u00e7in Te\u015fekk\u00fcr Ederiz.BAE ve Dubai gayrimenkul piyasas\u0131nda size rehberlik etmek i\u00e7in \u00fcst\u00fcn hizmet ve uzmanl\u0131k sunmaya kararl\u0131y\u0131z. Herhangi bir sorunuz i\u00e7in l\u00fctfen a\u015fa\u011f\u0131daki ileti\u015fim formunu doldurun, temsilcilerimizden biri en k\u0131sa s\u00fcrede sizinle ileti\u015fime ge\u00e7ecektir. T\u00fcm gayrimenkul ihtiya\u00e7lar\u0131n\u0131zda size yard\u0131mc\u0131 olmaktan memnuniyet duyar\u0131z.","og_url":"https:\/\/almardinli.com\/tr\/contact-us\/","og_site_name":"Almardinli Emlak","article_publisher":"https:\/\/www.facebook.com\/people\/Al-Mardinli\/61562288921634\/","article_modified_time":"2024-12-13T09:44:30+00:00","og_image":[{"width":1200,"height":759,"url":"https:\/\/almardinli.com\/tr\/wp-content\/uploads\/2024\/08\/1thth4LEnMKzaTPl-1716466993.webp","type":"image\/webp"}],"twitter_card":"summary_large_image","twitter_misc":{"Tahmini okuma s\u00fcresi":"1 dakika"},"schema":{"@context":"https:\/\/schema.org","@graph":[{"@type":"WebPage","@id":"https:\/\/almardinli.com\/tr\/contact-us\/","url":"https:\/\/almardinli.com\/tr\/contact-us\/","name":"\u0130LET\u0130\u015e\u0130M - Almardinli Emlak","isPartOf":{"@id":"https:\/\/almardinli.com\/tr\/#website"},"datePublished":"2015-02-19T09:48:19+00:00","dateModified":"2024-12-13T09:44:30+00:00","breadcrumb":{"@id":"https:\/\/almardinli.com\/tr\/contact-us\/#breadcrumb"},"inLanguage":"tr","potentialAction":[{"@type":"ReadAction","target":["https:\/\/almardinli.com\/tr\/contact-us\/"]}]},{"@type":"BreadcrumbList","@id":"https:\/\/almardinli.com\/tr\/contact-us\/#breadcrumb","itemListElement":[{"@type":"ListItem","position":1,"name":"Home","item":"https:\/\/almardinli.com\/tr\/"},{"@type":"ListItem","position":2,"name":"\u0130LET\u0130\u015e\u0130M"}]},{"@type":"WebSite","@id":"https:\/\/almardinli.com\/tr\/#website","url":"https:\/\/almardinli.com\/tr\/","name":"Almardinli Real Estate","description":"BAE ve Dubai Gayrimenkul\u00fcnde M\u00fckemmellik","publisher":{"@id":"https:\/\/almardinli.com\/tr\/#organization"},"potentialAction":[{"@type":"SearchAction","target":{"@type":"EntryPoint","urlTemplate":"https:\/\/almardinli.com\/tr\/?s={search_term_string}"},"query-input":"required name=search_term_string"}],"inLanguage":"tr"},{"@type":"Organization","@id":"https:\/\/almardinli.com\/tr\/#organization","name":"Almardinli Real Estate","url":"https:\/\/almardinli.com\/tr\/","logo":{"@type":"ImageObject","inLanguage":"tr","@id":"https:\/\/almardinli.com\/tr\/#\/schema\/logo\/image\/","url":"https:\/\/almardinli.com\/tr\/wp-content\/uploads\/2024\/07\/Mardinli-LOGO-04.png","contentUrl":"https:\/\/almardinli.com\/tr\/wp-content\/uploads\/2024\/07\/Mardinli-LOGO-04.png","width":182,"height":186,"caption":"Almardinli Real Estate"},"image":{"@id":"https:\/\/almardinli.com\/tr\/#\/schema\/logo\/image\/"},"sameAs":["https:\/\/www.facebook.com\/people\/Al-Mardinli\/61562288921634\/","https:\/\/www.instagram.com\/al.mardinli\/"]}]}},"_links":{"self":[{"href":"https:\/\/almardinli.com\/tr\/wp-json\/wp\/v2\/pages\/5707","targetHints":{"allow":["GET"]}}],"collection":[{"href":"https:\/\/almardinli.com\/tr\/wp-json\/wp\/v2\/pages"}],"about":[{"href":"https:\/\/almardinli.com\/tr\/wp-json\/wp\/v2\/types\/page"}],"author":[{"embeddable":true,"href":"https:\/\/almardinli.com\/tr\/wp-json\/wp\/v2\/users\/1"}],"replies":[{"embeddable":true,"href":"https:\/\/almardinli.com\/tr\/wp-json\/wp\/v2\/comments?post=5707"}],"version-history":[{"count":14,"href":"https:\/\/almardinli.com\/tr\/wp-json\/wp\/v2\/pages\/5707\/revisions"}],"predecessor-version":[{"id":24079,"href":"https:\/\/almardinli.com\/tr\/wp-json\/wp\/v2\/pages\/5707\/revisions\/24079"}],"wp:attachment":[{"href":"https:\/\/almardinli.com\/tr\/wp-json\/wp\/v2\/media?parent=5707"}],"curies":[{"name":"wp","href":"https:\/\/api.w.org\/{rel}","templated":true}]}}